{"id":2679,"date":"2023-03-10T10:57:51","date_gmt":"2023-03-10T09:57:51","guid":{"rendered":"https:\/\/coolmama.pl\/?post_type=product&#038;p=2679"},"modified":"2024-03-18T10:28:23","modified_gmt":"2024-03-18T09:28:23","slug":"black-tube-skirt","status":"publish","type":"product","link":"https:\/\/coolmama.pl\/en\/product\/black-tube-skirt\/","title":{"rendered":"Black tube skirt"},"content":{"rendered":"<p class=\"text-justify\" style=\"text-align: justify\">Flexible maternity tube-type skirt, made of ribbed knitwear in black. The addition of elastane makes it easily adapt to the growing belly and beautifully exposes it.<\/p>\n<p class=\"text-justify\" style=\"text-align: justify\">The skirt is comfortable and very sexy at the same time. You can wear it with everything. It will work for many different occasions. It will look great both with a t-shirt, an elegant shirt and a warm sweater.<\/p>\n<p class=\"text-justify\" style=\"text-align: justify\">Product features:<\/p>\n<ul>\n<li>Color: Black<\/li>\n<li>Fit: fitted, high waisted<\/li>\n<li>Composition: <span style=\"color: #f2dcdb\"><strong><span style=\"color: #e5b9b7\">94% OEKO-Tex certified cotton<\/span><\/strong><\/span> , 6% elastane<\/li>\n<li>Care: machine wash at 30\u00b0, delicate fabrics<\/li>\n<li>Available in sizes S-L<\/li>\n<\/ul>\n<p>&nbsp;<\/p>\n<p><strong>MADE IN POLAND<\/strong><em><br \/>\n<\/em><\/p>\n<figure><img decoding=\"async\" src=\"\/wp-content\/uploads\/2023\/03\/pobrane-3.png\" data-image=\"403e8cf6-54b2-4f0d-9b2d-b3d49fa21a16\" \/><\/figure>\n","protected":false},"excerpt":{"rendered":"<p>Flexible maternity tube-type skirt, made of ribbed knitwear in black. The addition of elastane makes it easily adapt to the growing belly and beautifully exposes it. The skirt is comfortable and very sexy at the same time. You can wear it with everything. It will work for many different occasions. It will look great both [&#8230;]\n","protected":false},"featured_media":5047,"comment_status":"open","ping_status":"closed","template":"","meta":[],"product_brand":[],"product_cat":[198,226,210],"product_tag":[],"class_list":{"0":"post-2679","1":"product","2":"type-product","3":"status-publish","4":"has-post-thumbnail","6":"product_cat-maternity-wear","7":"product_cat-sale","8":"product_cat-skirts","10":"first","11":"outofstock","12":"product-type-variable"},"yoast_head":"<!-- This site is optimized with the Yoast SEO plugin v22.5 - https:\/\/yoast.com\/wordpress\/plugins\/seo\/ -->\n<title>Black tube skirt - COOL mama<\/title>\n<meta name=\"robots\" content=\"index, follow, max-snippet:-1, max-image-preview:large, max-video-preview:-1\" \/>\n<link rel=\"canonical\" href=\"https:\/\/coolmama.pl\/en\/product\/black-tube-skirt\/\" \/>\n<meta property=\"og:locale\" content=\"en_US\" \/>\n<meta property=\"og:type\" content=\"article\" \/>\n<meta property=\"og:title\" content=\"Black tube skirt - COOL mama\" \/>\n<meta property=\"og:description\" content=\"Flexible maternity tube-type skirt, made of ribbed knitwear in black. The addition of elastane makes it easily adapt to the growing belly and beautifully exposes it. The skirt is comfortable and very sexy at the same time. You can wear it with everything. It will work for many different occasions. It will look great both [...]\" \/>\n<meta property=\"og:url\" content=\"https:\/\/coolmama.pl\/en\/product\/black-tube-skirt\/\" \/>\n<meta property=\"og:site_name\" content=\"COOL mama\" \/>\n<meta property=\"article:publisher\" content=\"https:\/\/www.facebook.com\/MamajestCool\/?locale=pl_PL\" \/>\n<meta property=\"article:modified_time\" content=\"2024-03-18T09:28:23+00:00\" \/>\n<meta property=\"og:image\" content=\"https:\/\/coolmama.pl\/wp-content\/uploads\/2023\/03\/dscf4342-scaled.jpg\" \/>\n\t<meta property=\"og:image:width\" content=\"1707\" \/>\n\t<meta property=\"og:image:height\" content=\"2560\" \/>\n\t<meta property=\"og:image:type\" content=\"image\/jpeg\" \/>\n<meta name=\"twitter:card\" content=\"summary_large_image\" \/>\n<meta name=\"twitter:label1\" content=\"Availability\" \/>\n\t<meta name=\"twitter:data1\" content=\"Out of stock\" \/>\n<script type=\"application\/ld+json\" class=\"yoast-schema-graph\">{\"@context\":\"https:\/\/schema.org\",\"@graph\":[{\"@type\":\"WebPage\",\"@id\":\"https:\/\/coolmama.pl\/en\/product\/black-tube-skirt\/\",\"url\":\"https:\/\/coolmama.pl\/en\/product\/black-tube-skirt\/\",\"name\":\"Black tube skirt - COOL mama\",\"isPartOf\":{\"@id\":\"https:\/\/coolmama.pl\/en\/#website\"},\"primaryImageOfPage\":{\"@id\":\"https:\/\/coolmama.pl\/en\/product\/black-tube-skirt\/#primaryimage\"},\"image\":{\"@id\":\"https:\/\/coolmama.pl\/en\/product\/black-tube-skirt\/#primaryimage\"},\"thumbnailUrl\":\"https:\/\/coolmama.pl\/wp-content\/uploads\/2023\/03\/dscf4342-scaled.jpg\",\"datePublished\":\"2023-03-10T09:57:51+00:00\",\"dateModified\":\"2024-03-18T09:28:23+00:00\",\"breadcrumb\":{\"@id\":\"https:\/\/coolmama.pl\/en\/product\/black-tube-skirt\/#breadcrumb\"},\"inLanguage\":\"en-US\",\"potentialAction\":[{\"@type\":\"ReadAction\",\"target\":[\"https:\/\/coolmama.pl\/en\/product\/black-tube-skirt\/\"]}]},{\"@type\":\"ImageObject\",\"inLanguage\":\"en-US\",\"@id\":\"https:\/\/coolmama.pl\/en\/product\/black-tube-skirt\/#primaryimage\",\"url\":\"https:\/\/coolmama.pl\/wp-content\/uploads\/2023\/03\/dscf4342-scaled.jpg\",\"contentUrl\":\"https:\/\/coolmama.pl\/wp-content\/uploads\/2023\/03\/dscf4342-scaled.jpg\",\"width\":1707,\"height\":2560,\"caption\":\"Dopasowana sp\u00f3dnica ci\u0105\u017cowa czarna\"},{\"@type\":\"BreadcrumbList\",\"@id\":\"https:\/\/coolmama.pl\/en\/product\/black-tube-skirt\/#breadcrumb\",\"itemListElement\":[{\"@type\":\"ListItem\",\"position\":1,\"name\":\"Strona g\u0142\u00f3wna\",\"item\":\"https:\/\/coolmama.pl\/en\/\"},{\"@type\":\"ListItem\",\"position\":2,\"name\":\"Shop\",\"item\":\"https:\/\/coolmama.pl\/en\/shop\/\"},{\"@type\":\"ListItem\",\"position\":3,\"name\":\"Black tube skirt\"}]},{\"@type\":\"WebSite\",\"@id\":\"https:\/\/coolmama.pl\/en\/#website\",\"url\":\"https:\/\/coolmama.pl\/en\/\",\"name\":\"COOL mama\",\"description\":\"\",\"publisher\":{\"@id\":\"https:\/\/coolmama.pl\/en\/#organization\"},\"potentialAction\":[{\"@type\":\"SearchAction\",\"target\":{\"@type\":\"EntryPoint\",\"urlTemplate\":\"https:\/\/coolmama.pl\/en\/?s={search_term_string}\"},\"query-input\":\"required name=search_term_string\"}],\"inLanguage\":\"en-US\"},{\"@type\":\"Organization\",\"@id\":\"https:\/\/coolmama.pl\/en\/#organization\",\"name\":\"COOL mama\",\"url\":\"https:\/\/coolmama.pl\/en\/\",\"logo\":{\"@type\":\"ImageObject\",\"inLanguage\":\"en-US\",\"@id\":\"https:\/\/coolmama.pl\/en\/#\/schema\/logo\/image\/\",\"url\":\"https:\/\/coolmama.pl\/wp-content\/uploads\/2024\/01\/cool-mama-transparent.png\",\"contentUrl\":\"https:\/\/coolmama.pl\/wp-content\/uploads\/2024\/01\/cool-mama-transparent.png\",\"width\":2048,\"height\":2048,\"caption\":\"COOL mama\"},\"image\":{\"@id\":\"https:\/\/coolmama.pl\/en\/#\/schema\/logo\/image\/\"},\"sameAs\":[\"https:\/\/www.facebook.com\/MamajestCool\/?locale=pl_PL\",\"https:\/\/www.instagram.com\/coolmamapl\/\"]}]}<\/script>\n<meta property=\"og:availability\" content=\"out of stock\" \/>\n<meta property=\"product:availability\" content=\"out of stock\" \/>\n<meta property=\"product:retailer_item_id\" content=\"SKIRT004\" \/>\n<meta property=\"product:condition\" content=\"new\" \/>\n<!-- \/ Yoast SEO plugin. -->","yoast_head_json":{"title":"Black tube skirt - COOL mama","robots":{"index":"index","follow":"follow","max-snippet":"max-snippet:-1","max-image-preview":"max-image-preview:large","max-video-preview":"max-video-preview:-1"},"canonical":"https:\/\/coolmama.pl\/en\/product\/black-tube-skirt\/","og_locale":"en_US","og_type":"article","og_title":"Black tube skirt - COOL mama","og_description":"Flexible maternity tube-type skirt, made of ribbed knitwear in black. The addition of elastane makes it easily adapt to the growing belly and beautifully exposes it. The skirt is comfortable and very sexy at the same time. You can wear it with everything. It will work for many different occasions. It will look great both [...]","og_url":"https:\/\/coolmama.pl\/en\/product\/black-tube-skirt\/","og_site_name":"COOL mama","article_publisher":"https:\/\/www.facebook.com\/MamajestCool\/?locale=pl_PL","article_modified_time":"2024-03-18T09:28:23+00:00","og_image":[{"width":1707,"height":2560,"url":"https:\/\/coolmama.pl\/wp-content\/uploads\/2023\/03\/dscf4342-scaled.jpg","type":"image\/jpeg"}],"twitter_card":"summary_large_image","twitter_misc":{"Availability":"Out of stock"},"schema":{"@context":"https:\/\/schema.org","@graph":[{"@type":"WebPage","@id":"https:\/\/coolmama.pl\/en\/product\/black-tube-skirt\/","url":"https:\/\/coolmama.pl\/en\/product\/black-tube-skirt\/","name":"Black tube skirt - COOL mama","isPartOf":{"@id":"https:\/\/coolmama.pl\/en\/#website"},"primaryImageOfPage":{"@id":"https:\/\/coolmama.pl\/en\/product\/black-tube-skirt\/#primaryimage"},"image":{"@id":"https:\/\/coolmama.pl\/en\/product\/black-tube-skirt\/#primaryimage"},"thumbnailUrl":"https:\/\/coolmama.pl\/wp-content\/uploads\/2023\/03\/dscf4342-scaled.jpg","datePublished":"2023-03-10T09:57:51+00:00","dateModified":"2024-03-18T09:28:23+00:00","breadcrumb":{"@id":"https:\/\/coolmama.pl\/en\/product\/black-tube-skirt\/#breadcrumb"},"inLanguage":"en-US","potentialAction":[{"@type":"ReadAction","target":["https:\/\/coolmama.pl\/en\/product\/black-tube-skirt\/"]}]},{"@type":"ImageObject","inLanguage":"en-US","@id":"https:\/\/coolmama.pl\/en\/product\/black-tube-skirt\/#primaryimage","url":"https:\/\/coolmama.pl\/wp-content\/uploads\/2023\/03\/dscf4342-scaled.jpg","contentUrl":"https:\/\/coolmama.pl\/wp-content\/uploads\/2023\/03\/dscf4342-scaled.jpg","width":1707,"height":2560,"caption":"Dopasowana sp\u00f3dnica ci\u0105\u017cowa czarna"},{"@type":"BreadcrumbList","@id":"https:\/\/coolmama.pl\/en\/product\/black-tube-skirt\/#breadcrumb","itemListElement":[{"@type":"ListItem","position":1,"name":"Strona g\u0142\u00f3wna","item":"https:\/\/coolmama.pl\/en\/"},{"@type":"ListItem","position":2,"name":"Shop","item":"https:\/\/coolmama.pl\/en\/shop\/"},{"@type":"ListItem","position":3,"name":"Black tube skirt"}]},{"@type":"WebSite","@id":"https:\/\/coolmama.pl\/en\/#website","url":"https:\/\/coolmama.pl\/en\/","name":"COOL mama","description":"","publisher":{"@id":"https:\/\/coolmama.pl\/en\/#organization"},"potentialAction":[{"@type":"SearchAction","target":{"@type":"EntryPoint","urlTemplate":"https:\/\/coolmama.pl\/en\/?s={search_term_string}"},"query-input":"required name=search_term_string"}],"inLanguage":"en-US"},{"@type":"Organization","@id":"https:\/\/coolmama.pl\/en\/#organization","name":"COOL mama","url":"https:\/\/coolmama.pl\/en\/","logo":{"@type":"ImageObject","inLanguage":"en-US","@id":"https:\/\/coolmama.pl\/en\/#\/schema\/logo\/image\/","url":"https:\/\/coolmama.pl\/wp-content\/uploads\/2024\/01\/cool-mama-transparent.png","contentUrl":"https:\/\/coolmama.pl\/wp-content\/uploads\/2024\/01\/cool-mama-transparent.png","width":2048,"height":2048,"caption":"COOL mama"},"image":{"@id":"https:\/\/coolmama.pl\/en\/#\/schema\/logo\/image\/"},"sameAs":["https:\/\/www.facebook.com\/MamajestCool\/?locale=pl_PL","https:\/\/www.instagram.com\/coolmamapl\/"]}]},"og_availability":"out of stock","product_availability":"out of stock","product_retailer_item_id":"SKIRT004","product_condition":"new"},"_links":{"self":[{"href":"https:\/\/coolmama.pl\/en\/wp-json\/wp\/v2\/product\/2679","targetHints":{"allow":["GET"]}}],"collection":[{"href":"https:\/\/coolmama.pl\/en\/wp-json\/wp\/v2\/product"}],"about":[{"href":"https:\/\/coolmama.pl\/en\/wp-json\/wp\/v2\/types\/product"}],"replies":[{"embeddable":true,"href":"https:\/\/coolmama.pl\/en\/wp-json\/wp\/v2\/comments?post=2679"}],"wp:featuredmedia":[{"embeddable":true,"href":"https:\/\/coolmama.pl\/en\/wp-json\/wp\/v2\/media\/5047"}],"wp:attachment":[{"href":"https:\/\/coolmama.pl\/en\/wp-json\/wp\/v2\/media?parent=2679"}],"wp:term":[{"taxonomy":"product_brand","embeddable":true,"href":"https:\/\/coolmama.pl\/en\/wp-json\/wp\/v2\/product_brand?post=2679"},{"taxonomy":"product_cat","embeddable":true,"href":"https:\/\/coolmama.pl\/en\/wp-json\/wp\/v2\/product_cat?post=2679"},{"taxonomy":"product_tag","embeddable":true,"href":"https:\/\/coolmama.pl\/en\/wp-json\/wp\/v2\/product_tag?post=2679"}],"curies":[{"name":"wp","href":"https:\/\/api.w.org\/{rel}","templated":true}]}}