{"id":2788,"date":"2023-03-10T10:53:35","date_gmt":"2023-03-10T09:53:35","guid":{"rendered":"https:\/\/coolmama.pl\/?post_type=product&#038;p=2788"},"modified":"2023-04-14T16:53:37","modified_gmt":"2023-04-14T14:53:37","slug":"sweatshirt-basic-beige","status":"publish","type":"product","link":"https:\/\/coolmama.pl\/en\/product\/sweatshirt-basic-beige\/","title":{"rendered":"Sweatshirt BASIC beige"},"content":{"rendered":"<p class=\"text-justify\" style=\"text-align: justify\">Maternity and breastfeeding sweatshirt made of soft knitwear, in beige. Perfect for colder days. The sweatshirt was designed especially for pregnant women, but it will also work well during breastfeeding. It has a special panel patented by Cool Mama that facilitates feeding the baby &#8211; without snaps, zippers and buttons. It is a convenient and discreet solution that every nursing mother will love.<\/p>\n<p class=\"text-justify\" style=\"text-align: justify\">The sweatshirt is flexible, so it will adjust to the growing belly, ensuring comfort of wearing. It can be worn with light jeans and <a title=\"Black Cool Mama maternity leggings\" href=\"https:\/\/www.coolmama.pl\/kategoria\/maternity-pants\/black-leggings\" target=\"_blank\" rel=\"noopener\"><span style=\"color: #366092\">Cool Mama leggings<\/span><\/a>. It will be perfect for a walk with a baby or a meeting with a friend.<\/p>\n<p class=\"text-justify\" style=\"text-align: justify\">Product features:<\/p>\n<ul>\n<li> Color: beige<\/li>\n<li> Model: round neckline, hip length, long sleeves<\/li>\n<li> Collection: Fall\/Winter<\/li>\n<li> Composition: 94% viscose, 6% elastane<\/li>\n<li>  Care: machine washable up to 30\u00b0, delicate fabrics<\/li>\n<li> Available in XS-XL<\/li>\n<\/ul>\n<p>MADE IN POLAND<\/p>\n<figure><img decoding=\"async\" src=\"\/wp-content\/uploads\/2023\/03\/pobrane-3.png\" data-image=\"403e8cf6-54b2-4f0d-9b2d-b3d49fa21a16\" \/><\/figure>\n<p>See our <a title=\"Cool Mama maternity and breastfeeding t-shirt\" href=\"https:\/\/www.coolmama.pl\/category\/t-shirts-for-nursing-t-shirt\" target=\"_blank\" rel=\"noopener\"><span style=\"color: #366092\">Cool Mama maternity and breastfeeding t-shirts<\/span><\/a>.<\/p>\n","protected":false},"excerpt":{"rendered":"<p>Beige maternity and breastfeeding sweatshirt. Made of soft, elastic fabric that adapts to the growing belly.<\/p>\n","protected":false},"featured_media":1871,"comment_status":"open","ping_status":"closed","template":"","meta":[],"product_brand":[],"product_cat":[198,214,226,204,220],"product_tag":[],"class_list":{"0":"post-2788","1":"product","2":"type-product","3":"status-publish","4":"has-post-thumbnail","6":"product_cat-maternity-wear","7":"product_cat-nursing-clothes","8":"product_cat-sale","9":"product_cat-sweatshirts-hoodies","10":"product_cat-sweatshirts-hoodies-en","12":"first","13":"outofstock","14":"product-type-variable"},"yoast_head":"<!-- This site is optimized with the Yoast SEO plugin v22.5 - https:\/\/yoast.com\/wordpress\/plugins\/seo\/ -->\n<title>Sweatshirt BASIC beige - COOL mama<\/title>\n<meta name=\"robots\" content=\"index, follow, max-snippet:-1, max-image-preview:large, max-video-preview:-1\" \/>\n<link rel=\"canonical\" href=\"https:\/\/coolmama.pl\/en\/product\/sweatshirt-basic-beige\/\" \/>\n<meta property=\"og:locale\" content=\"en_US\" \/>\n<meta property=\"og:type\" content=\"article\" \/>\n<meta property=\"og:title\" content=\"Sweatshirt BASIC beige - COOL mama\" \/>\n<meta property=\"og:description\" content=\"Beige maternity and breastfeeding sweatshirt. Made of soft, elastic fabric that adapts to the growing belly.\" \/>\n<meta property=\"og:url\" content=\"https:\/\/coolmama.pl\/en\/product\/sweatshirt-basic-beige\/\" \/>\n<meta property=\"og:site_name\" content=\"COOL mama\" \/>\n<meta property=\"article:publisher\" content=\"https:\/\/www.facebook.com\/MamajestCool\/?locale=pl_PL\" \/>\n<meta property=\"article:modified_time\" content=\"2023-04-14T14:53:37+00:00\" \/>\n<meta property=\"og:image\" content=\"https:\/\/coolmama.pl\/wp-content\/uploads\/2023\/03\/6696.jpg\" \/>\n\t<meta property=\"og:image:width\" content=\"1422\" \/>\n\t<meta property=\"og:image:height\" content=\"2048\" \/>\n\t<meta property=\"og:image:type\" content=\"image\/jpeg\" \/>\n<meta name=\"twitter:card\" content=\"summary_large_image\" \/>\n<meta name=\"twitter:label1\" content=\"Availability\" \/>\n\t<meta name=\"twitter:data1\" content=\"Out of stock\" \/>\n<script type=\"application\/ld+json\" class=\"yoast-schema-graph\">{\"@context\":\"https:\/\/schema.org\",\"@graph\":[{\"@type\":\"WebPage\",\"@id\":\"https:\/\/coolmama.pl\/en\/product\/sweatshirt-basic-beige\/\",\"url\":\"https:\/\/coolmama.pl\/en\/product\/sweatshirt-basic-beige\/\",\"name\":\"Sweatshirt BASIC beige - COOL mama\",\"isPartOf\":{\"@id\":\"https:\/\/coolmama.pl\/en\/#website\"},\"primaryImageOfPage\":{\"@id\":\"https:\/\/coolmama.pl\/en\/product\/sweatshirt-basic-beige\/#primaryimage\"},\"image\":{\"@id\":\"https:\/\/coolmama.pl\/en\/product\/sweatshirt-basic-beige\/#primaryimage\"},\"thumbnailUrl\":\"https:\/\/coolmama.pl\/wp-content\/uploads\/2023\/03\/6696.jpg\",\"datePublished\":\"2023-03-10T09:53:35+00:00\",\"dateModified\":\"2023-04-14T14:53:37+00:00\",\"breadcrumb\":{\"@id\":\"https:\/\/coolmama.pl\/en\/product\/sweatshirt-basic-beige\/#breadcrumb\"},\"inLanguage\":\"en-US\",\"potentialAction\":[{\"@type\":\"ReadAction\",\"target\":[\"https:\/\/coolmama.pl\/en\/product\/sweatshirt-basic-beige\/\"]}]},{\"@type\":\"ImageObject\",\"inLanguage\":\"en-US\",\"@id\":\"https:\/\/coolmama.pl\/en\/product\/sweatshirt-basic-beige\/#primaryimage\",\"url\":\"https:\/\/coolmama.pl\/wp-content\/uploads\/2023\/03\/6696.jpg\",\"contentUrl\":\"https:\/\/coolmama.pl\/wp-content\/uploads\/2023\/03\/6696.jpg\",\"width\":1422,\"height\":2048,\"caption\":\"Be\u017cowa bluza ci\u0105\u017cowa\"},{\"@type\":\"BreadcrumbList\",\"@id\":\"https:\/\/coolmama.pl\/en\/product\/sweatshirt-basic-beige\/#breadcrumb\",\"itemListElement\":[{\"@type\":\"ListItem\",\"position\":1,\"name\":\"Strona g\u0142\u00f3wna\",\"item\":\"https:\/\/coolmama.pl\/en\/\"},{\"@type\":\"ListItem\",\"position\":2,\"name\":\"Shop\",\"item\":\"https:\/\/coolmama.pl\/en\/shop\/\"},{\"@type\":\"ListItem\",\"position\":3,\"name\":\"Sweatshirt BASIC beige\"}]},{\"@type\":\"WebSite\",\"@id\":\"https:\/\/coolmama.pl\/en\/#website\",\"url\":\"https:\/\/coolmama.pl\/en\/\",\"name\":\"COOL mama\",\"description\":\"\",\"publisher\":{\"@id\":\"https:\/\/coolmama.pl\/en\/#organization\"},\"potentialAction\":[{\"@type\":\"SearchAction\",\"target\":{\"@type\":\"EntryPoint\",\"urlTemplate\":\"https:\/\/coolmama.pl\/en\/?s={search_term_string}\"},\"query-input\":\"required name=search_term_string\"}],\"inLanguage\":\"en-US\"},{\"@type\":\"Organization\",\"@id\":\"https:\/\/coolmama.pl\/en\/#organization\",\"name\":\"COOL mama\",\"url\":\"https:\/\/coolmama.pl\/en\/\",\"logo\":{\"@type\":\"ImageObject\",\"inLanguage\":\"en-US\",\"@id\":\"https:\/\/coolmama.pl\/en\/#\/schema\/logo\/image\/\",\"url\":\"https:\/\/coolmama.pl\/wp-content\/uploads\/2024\/01\/cool-mama-transparent.png\",\"contentUrl\":\"https:\/\/coolmama.pl\/wp-content\/uploads\/2024\/01\/cool-mama-transparent.png\",\"width\":2048,\"height\":2048,\"caption\":\"COOL mama\"},\"image\":{\"@id\":\"https:\/\/coolmama.pl\/en\/#\/schema\/logo\/image\/\"},\"sameAs\":[\"https:\/\/www.facebook.com\/MamajestCool\/?locale=pl_PL\",\"https:\/\/www.instagram.com\/coolmamapl\/\"]}]}<\/script>\n<meta property=\"og:availability\" content=\"out of stock\" \/>\n<meta property=\"product:availability\" content=\"out of stock\" \/>\n<meta property=\"product:retailer_item_id\" content=\"SWEA021\" \/>\n<meta property=\"product:condition\" content=\"new\" \/>\n<!-- \/ Yoast SEO plugin. -->","yoast_head_json":{"title":"Sweatshirt BASIC beige - COOL mama","robots":{"index":"index","follow":"follow","max-snippet":"max-snippet:-1","max-image-preview":"max-image-preview:large","max-video-preview":"max-video-preview:-1"},"canonical":"https:\/\/coolmama.pl\/en\/product\/sweatshirt-basic-beige\/","og_locale":"en_US","og_type":"article","og_title":"Sweatshirt BASIC beige - COOL mama","og_description":"Beige maternity and breastfeeding sweatshirt. Made of soft, elastic fabric that adapts to the growing belly.","og_url":"https:\/\/coolmama.pl\/en\/product\/sweatshirt-basic-beige\/","og_site_name":"COOL mama","article_publisher":"https:\/\/www.facebook.com\/MamajestCool\/?locale=pl_PL","article_modified_time":"2023-04-14T14:53:37+00:00","og_image":[{"width":1422,"height":2048,"url":"https:\/\/coolmama.pl\/wp-content\/uploads\/2023\/03\/6696.jpg","type":"image\/jpeg"}],"twitter_card":"summary_large_image","twitter_misc":{"Availability":"Out of stock"},"schema":{"@context":"https:\/\/schema.org","@graph":[{"@type":"WebPage","@id":"https:\/\/coolmama.pl\/en\/product\/sweatshirt-basic-beige\/","url":"https:\/\/coolmama.pl\/en\/product\/sweatshirt-basic-beige\/","name":"Sweatshirt BASIC beige - COOL mama","isPartOf":{"@id":"https:\/\/coolmama.pl\/en\/#website"},"primaryImageOfPage":{"@id":"https:\/\/coolmama.pl\/en\/product\/sweatshirt-basic-beige\/#primaryimage"},"image":{"@id":"https:\/\/coolmama.pl\/en\/product\/sweatshirt-basic-beige\/#primaryimage"},"thumbnailUrl":"https:\/\/coolmama.pl\/wp-content\/uploads\/2023\/03\/6696.jpg","datePublished":"2023-03-10T09:53:35+00:00","dateModified":"2023-04-14T14:53:37+00:00","breadcrumb":{"@id":"https:\/\/coolmama.pl\/en\/product\/sweatshirt-basic-beige\/#breadcrumb"},"inLanguage":"en-US","potentialAction":[{"@type":"ReadAction","target":["https:\/\/coolmama.pl\/en\/product\/sweatshirt-basic-beige\/"]}]},{"@type":"ImageObject","inLanguage":"en-US","@id":"https:\/\/coolmama.pl\/en\/product\/sweatshirt-basic-beige\/#primaryimage","url":"https:\/\/coolmama.pl\/wp-content\/uploads\/2023\/03\/6696.jpg","contentUrl":"https:\/\/coolmama.pl\/wp-content\/uploads\/2023\/03\/6696.jpg","width":1422,"height":2048,"caption":"Be\u017cowa bluza ci\u0105\u017cowa"},{"@type":"BreadcrumbList","@id":"https:\/\/coolmama.pl\/en\/product\/sweatshirt-basic-beige\/#breadcrumb","itemListElement":[{"@type":"ListItem","position":1,"name":"Strona g\u0142\u00f3wna","item":"https:\/\/coolmama.pl\/en\/"},{"@type":"ListItem","position":2,"name":"Shop","item":"https:\/\/coolmama.pl\/en\/shop\/"},{"@type":"ListItem","position":3,"name":"Sweatshirt BASIC beige"}]},{"@type":"WebSite","@id":"https:\/\/coolmama.pl\/en\/#website","url":"https:\/\/coolmama.pl\/en\/","name":"COOL mama","description":"","publisher":{"@id":"https:\/\/coolmama.pl\/en\/#organization"},"potentialAction":[{"@type":"SearchAction","target":{"@type":"EntryPoint","urlTemplate":"https:\/\/coolmama.pl\/en\/?s={search_term_string}"},"query-input":"required name=search_term_string"}],"inLanguage":"en-US"},{"@type":"Organization","@id":"https:\/\/coolmama.pl\/en\/#organization","name":"COOL mama","url":"https:\/\/coolmama.pl\/en\/","logo":{"@type":"ImageObject","inLanguage":"en-US","@id":"https:\/\/coolmama.pl\/en\/#\/schema\/logo\/image\/","url":"https:\/\/coolmama.pl\/wp-content\/uploads\/2024\/01\/cool-mama-transparent.png","contentUrl":"https:\/\/coolmama.pl\/wp-content\/uploads\/2024\/01\/cool-mama-transparent.png","width":2048,"height":2048,"caption":"COOL mama"},"image":{"@id":"https:\/\/coolmama.pl\/en\/#\/schema\/logo\/image\/"},"sameAs":["https:\/\/www.facebook.com\/MamajestCool\/?locale=pl_PL","https:\/\/www.instagram.com\/coolmamapl\/"]}]},"og_availability":"out of stock","product_availability":"out of stock","product_retailer_item_id":"SWEA021","product_condition":"new"},"_links":{"self":[{"href":"https:\/\/coolmama.pl\/en\/wp-json\/wp\/v2\/product\/2788","targetHints":{"allow":["GET"]}}],"collection":[{"href":"https:\/\/coolmama.pl\/en\/wp-json\/wp\/v2\/product"}],"about":[{"href":"https:\/\/coolmama.pl\/en\/wp-json\/wp\/v2\/types\/product"}],"replies":[{"embeddable":true,"href":"https:\/\/coolmama.pl\/en\/wp-json\/wp\/v2\/comments?post=2788"}],"wp:featuredmedia":[{"embeddable":true,"href":"https:\/\/coolmama.pl\/en\/wp-json\/wp\/v2\/media\/1871"}],"wp:attachment":[{"href":"https:\/\/coolmama.pl\/en\/wp-json\/wp\/v2\/media?parent=2788"}],"wp:term":[{"taxonomy":"product_brand","embeddable":true,"href":"https:\/\/coolmama.pl\/en\/wp-json\/wp\/v2\/product_brand?post=2788"},{"taxonomy":"product_cat","embeddable":true,"href":"https:\/\/coolmama.pl\/en\/wp-json\/wp\/v2\/product_cat?post=2788"},{"taxonomy":"product_tag","embeddable":true,"href":"https:\/\/coolmama.pl\/en\/wp-json\/wp\/v2\/product_tag?post=2788"}],"curies":[{"name":"wp","href":"https:\/\/api.w.org\/{rel}","templated":true}]}}