{"id":3640,"date":"2023-05-25T18:37:53","date_gmt":"2023-05-25T16:37:53","guid":{"rendered":"https:\/\/coolmama.pl\/?post_type=product&#038;p=3640"},"modified":"2023-05-25T18:44:09","modified_gmt":"2023-05-25T16:44:09","slug":"blouse-basic-black-2","status":"publish","type":"product","link":"https:\/\/coolmama.pl\/en\/product\/blouse-basic-black-2\/","title":{"rendered":"Blouse BASIC black"},"content":{"rendered":"<p class=\"text-justify\" style=\"text-align: justify\">Short-sleeved maternity T-shirt, made of delicate knitwear. It was designed specifically for pregnant women, but it will also work well during breastfeeding. It has a special panel patented by Cool Mama that facilitates feeding the baby &#8211; without snaps, zippers and buttons. It is a convenient and discreet solution that every nursing mother will love.<\/p>\n<p class=\"text-justify\" style=\"text-align: justify\">The t-shirt is flexible, so it will adjust to the growing belly, ensuring comfort. It can be combined in many ways: with an airy skirt with prints, worn jeans or plain black trousers. It will work both for everyday sports styling and for going out with friends.<\/p>\n<p class=\"text-justify\" style=\"text-align: justify\">Product features:<\/p>\n<ul>\n<li> Color: black<\/li>\n<li>  Style: round neckline, hip length, short sleeves<\/li>\n<li> Collection: basic<\/li>\n<li> Composition: 92% cotton, 8% elastane<\/li>\n<li>  Care: machine washable up to 30\u00b0, delicate fabrics<\/li>\n<li> Available in XS-XL<\/li>\n<\/ul>\n<p>MADE IN POLAND<br \/>\n<img loading=\"lazy\" decoding=\"async\" src=\"\/wp-content\/uploads\/2023\/03\/pobrane-3-1.png\" alt=\"\" width=\"125\" height=\"50\" \/><\/p>\n","protected":false},"excerpt":{"rendered":"<p>Short-sleeved maternity T-shirt, made of delicate knitwear. It was designed specifically for pregnant women, but it will also work well during breastfeeding. It has a special panel patented by Cool Mama that facilitates feeding the baby &#8211; without snaps, zippers and buttons. It is a convenient and discreet solution that every nursing mother will love. [&#8230;]\n","protected":false},"featured_media":3659,"comment_status":"open","ping_status":"closed","template":"","meta":[],"product_brand":[],"product_cat":[202,218,392,198,214,404,226],"product_tag":[],"class_list":{"0":"post-3640","1":"product","2":"type-product","3":"status-publish","4":"has-post-thumbnail","6":"product_cat-blouses","7":"product_cat-blouses-en","8":"product_cat-maternity-t-shirt","9":"product_cat-maternity-wear","10":"product_cat-nursing-clothes","11":"product_cat-nursing-t-shirt","12":"product_cat-sale","14":"first","15":"outofstock","16":"sale","17":"purchasable","18":"product-type-variable"},"yoast_head":"<!-- This site is optimized with the Yoast SEO plugin v22.5 - https:\/\/yoast.com\/wordpress\/plugins\/seo\/ -->\n<title>Blouse BASIC black - COOL mama<\/title>\n<meta name=\"robots\" content=\"index, follow, max-snippet:-1, max-image-preview:large, max-video-preview:-1\" \/>\n<link rel=\"canonical\" href=\"https:\/\/coolmama.pl\/en\/product\/blouse-basic-black-2\/\" \/>\n<meta property=\"og:locale\" content=\"en_US\" \/>\n<meta property=\"og:type\" content=\"article\" \/>\n<meta property=\"og:title\" content=\"Blouse BASIC black - COOL mama\" \/>\n<meta property=\"og:description\" content=\"Short-sleeved maternity T-shirt, made of delicate knitwear. It was designed specifically for pregnant women, but it will also work well during breastfeeding. It has a special panel patented by Cool Mama that facilitates feeding the baby &#8211; without snaps, zippers and buttons. It is a convenient and discreet solution that every nursing mother will love. [...]\" \/>\n<meta property=\"og:url\" content=\"https:\/\/coolmama.pl\/en\/product\/blouse-basic-black-2\/\" \/>\n<meta property=\"og:site_name\" content=\"COOL mama\" \/>\n<meta property=\"article:publisher\" content=\"https:\/\/www.facebook.com\/MamajestCool\/?locale=pl_PL\" \/>\n<meta property=\"article:modified_time\" content=\"2023-05-25T16:44:09+00:00\" \/>\n<meta property=\"og:image\" content=\"https:\/\/coolmama.pl\/wp-content\/uploads\/2023\/05\/2-9.jpg\" \/>\n\t<meta property=\"og:image:width\" content=\"889\" \/>\n\t<meta property=\"og:image:height\" content=\"1280\" \/>\n\t<meta property=\"og:image:type\" content=\"image\/jpeg\" \/>\n<meta name=\"twitter:card\" content=\"summary_large_image\" \/>\n<meta name=\"twitter:label1\" content=\"Availability\" \/>\n\t<meta name=\"twitter:data1\" content=\"Out of stock\" \/>\n<script type=\"application\/ld+json\" class=\"yoast-schema-graph\">{\"@context\":\"https:\/\/schema.org\",\"@graph\":[{\"@type\":\"WebPage\",\"@id\":\"https:\/\/coolmama.pl\/en\/product\/blouse-basic-black-2\/\",\"url\":\"https:\/\/coolmama.pl\/en\/product\/blouse-basic-black-2\/\",\"name\":\"Blouse BASIC black - COOL mama\",\"isPartOf\":{\"@id\":\"https:\/\/coolmama.pl\/en\/#website\"},\"primaryImageOfPage\":{\"@id\":\"https:\/\/coolmama.pl\/en\/product\/blouse-basic-black-2\/#primaryimage\"},\"image\":{\"@id\":\"https:\/\/coolmama.pl\/en\/product\/blouse-basic-black-2\/#primaryimage\"},\"thumbnailUrl\":\"https:\/\/coolmama.pl\/wp-content\/uploads\/2023\/05\/2-9.jpg\",\"datePublished\":\"2023-05-25T16:37:53+00:00\",\"dateModified\":\"2023-05-25T16:44:09+00:00\",\"breadcrumb\":{\"@id\":\"https:\/\/coolmama.pl\/en\/product\/blouse-basic-black-2\/#breadcrumb\"},\"inLanguage\":\"en-US\",\"potentialAction\":[{\"@type\":\"ReadAction\",\"target\":[\"https:\/\/coolmama.pl\/en\/product\/blouse-basic-black-2\/\"]}]},{\"@type\":\"ImageObject\",\"inLanguage\":\"en-US\",\"@id\":\"https:\/\/coolmama.pl\/en\/product\/blouse-basic-black-2\/#primaryimage\",\"url\":\"https:\/\/coolmama.pl\/wp-content\/uploads\/2023\/05\/2-9.jpg\",\"contentUrl\":\"https:\/\/coolmama.pl\/wp-content\/uploads\/2023\/05\/2-9.jpg\",\"width\":889,\"height\":1280,\"caption\":\"Czarna bluzka ci\u0105\u017cowa do karmienia piersi\u0105 z kr\u00f3tkim r\u0119kawem\"},{\"@type\":\"BreadcrumbList\",\"@id\":\"https:\/\/coolmama.pl\/en\/product\/blouse-basic-black-2\/#breadcrumb\",\"itemListElement\":[{\"@type\":\"ListItem\",\"position\":1,\"name\":\"Strona g\u0142\u00f3wna\",\"item\":\"https:\/\/coolmama.pl\/en\/\"},{\"@type\":\"ListItem\",\"position\":2,\"name\":\"Shop\",\"item\":\"https:\/\/coolmama.pl\/en\/shop\/\"},{\"@type\":\"ListItem\",\"position\":3,\"name\":\"Blouse BASIC black\"}]},{\"@type\":\"WebSite\",\"@id\":\"https:\/\/coolmama.pl\/en\/#website\",\"url\":\"https:\/\/coolmama.pl\/en\/\",\"name\":\"COOL mama\",\"description\":\"\",\"publisher\":{\"@id\":\"https:\/\/coolmama.pl\/en\/#organization\"},\"potentialAction\":[{\"@type\":\"SearchAction\",\"target\":{\"@type\":\"EntryPoint\",\"urlTemplate\":\"https:\/\/coolmama.pl\/en\/?s={search_term_string}\"},\"query-input\":\"required name=search_term_string\"}],\"inLanguage\":\"en-US\"},{\"@type\":\"Organization\",\"@id\":\"https:\/\/coolmama.pl\/en\/#organization\",\"name\":\"COOL mama\",\"url\":\"https:\/\/coolmama.pl\/en\/\",\"logo\":{\"@type\":\"ImageObject\",\"inLanguage\":\"en-US\",\"@id\":\"https:\/\/coolmama.pl\/en\/#\/schema\/logo\/image\/\",\"url\":\"https:\/\/coolmama.pl\/wp-content\/uploads\/2024\/01\/cool-mama-transparent.png\",\"contentUrl\":\"https:\/\/coolmama.pl\/wp-content\/uploads\/2024\/01\/cool-mama-transparent.png\",\"width\":2048,\"height\":2048,\"caption\":\"COOL mama\"},\"image\":{\"@id\":\"https:\/\/coolmama.pl\/en\/#\/schema\/logo\/image\/\"},\"sameAs\":[\"https:\/\/www.facebook.com\/MamajestCool\/?locale=pl_PL\",\"https:\/\/www.instagram.com\/coolmamapl\/\"]}]}<\/script>\n<meta property=\"og:availability\" content=\"out of stock\" \/>\n<meta property=\"product:availability\" content=\"out of stock\" \/>\n<meta property=\"product:retailer_item_id\" content=\"TS002\" \/>\n<meta property=\"product:condition\" content=\"new\" \/>\n<!-- \/ Yoast SEO plugin. -->","yoast_head_json":{"title":"Blouse BASIC black - COOL mama","robots":{"index":"index","follow":"follow","max-snippet":"max-snippet:-1","max-image-preview":"max-image-preview:large","max-video-preview":"max-video-preview:-1"},"canonical":"https:\/\/coolmama.pl\/en\/product\/blouse-basic-black-2\/","og_locale":"en_US","og_type":"article","og_title":"Blouse BASIC black - COOL mama","og_description":"Short-sleeved maternity T-shirt, made of delicate knitwear. It was designed specifically for pregnant women, but it will also work well during breastfeeding. It has a special panel patented by Cool Mama that facilitates feeding the baby &#8211; without snaps, zippers and buttons. It is a convenient and discreet solution that every nursing mother will love. [...]","og_url":"https:\/\/coolmama.pl\/en\/product\/blouse-basic-black-2\/","og_site_name":"COOL mama","article_publisher":"https:\/\/www.facebook.com\/MamajestCool\/?locale=pl_PL","article_modified_time":"2023-05-25T16:44:09+00:00","og_image":[{"width":889,"height":1280,"url":"https:\/\/coolmama.pl\/wp-content\/uploads\/2023\/05\/2-9.jpg","type":"image\/jpeg"}],"twitter_card":"summary_large_image","twitter_misc":{"Availability":"Out of stock"},"schema":{"@context":"https:\/\/schema.org","@graph":[{"@type":"WebPage","@id":"https:\/\/coolmama.pl\/en\/product\/blouse-basic-black-2\/","url":"https:\/\/coolmama.pl\/en\/product\/blouse-basic-black-2\/","name":"Blouse BASIC black - COOL mama","isPartOf":{"@id":"https:\/\/coolmama.pl\/en\/#website"},"primaryImageOfPage":{"@id":"https:\/\/coolmama.pl\/en\/product\/blouse-basic-black-2\/#primaryimage"},"image":{"@id":"https:\/\/coolmama.pl\/en\/product\/blouse-basic-black-2\/#primaryimage"},"thumbnailUrl":"https:\/\/coolmama.pl\/wp-content\/uploads\/2023\/05\/2-9.jpg","datePublished":"2023-05-25T16:37:53+00:00","dateModified":"2023-05-25T16:44:09+00:00","breadcrumb":{"@id":"https:\/\/coolmama.pl\/en\/product\/blouse-basic-black-2\/#breadcrumb"},"inLanguage":"en-US","potentialAction":[{"@type":"ReadAction","target":["https:\/\/coolmama.pl\/en\/product\/blouse-basic-black-2\/"]}]},{"@type":"ImageObject","inLanguage":"en-US","@id":"https:\/\/coolmama.pl\/en\/product\/blouse-basic-black-2\/#primaryimage","url":"https:\/\/coolmama.pl\/wp-content\/uploads\/2023\/05\/2-9.jpg","contentUrl":"https:\/\/coolmama.pl\/wp-content\/uploads\/2023\/05\/2-9.jpg","width":889,"height":1280,"caption":"Czarna bluzka ci\u0105\u017cowa do karmienia piersi\u0105 z kr\u00f3tkim r\u0119kawem"},{"@type":"BreadcrumbList","@id":"https:\/\/coolmama.pl\/en\/product\/blouse-basic-black-2\/#breadcrumb","itemListElement":[{"@type":"ListItem","position":1,"name":"Strona g\u0142\u00f3wna","item":"https:\/\/coolmama.pl\/en\/"},{"@type":"ListItem","position":2,"name":"Shop","item":"https:\/\/coolmama.pl\/en\/shop\/"},{"@type":"ListItem","position":3,"name":"Blouse BASIC black"}]},{"@type":"WebSite","@id":"https:\/\/coolmama.pl\/en\/#website","url":"https:\/\/coolmama.pl\/en\/","name":"COOL mama","description":"","publisher":{"@id":"https:\/\/coolmama.pl\/en\/#organization"},"potentialAction":[{"@type":"SearchAction","target":{"@type":"EntryPoint","urlTemplate":"https:\/\/coolmama.pl\/en\/?s={search_term_string}"},"query-input":"required name=search_term_string"}],"inLanguage":"en-US"},{"@type":"Organization","@id":"https:\/\/coolmama.pl\/en\/#organization","name":"COOL mama","url":"https:\/\/coolmama.pl\/en\/","logo":{"@type":"ImageObject","inLanguage":"en-US","@id":"https:\/\/coolmama.pl\/en\/#\/schema\/logo\/image\/","url":"https:\/\/coolmama.pl\/wp-content\/uploads\/2024\/01\/cool-mama-transparent.png","contentUrl":"https:\/\/coolmama.pl\/wp-content\/uploads\/2024\/01\/cool-mama-transparent.png","width":2048,"height":2048,"caption":"COOL mama"},"image":{"@id":"https:\/\/coolmama.pl\/en\/#\/schema\/logo\/image\/"},"sameAs":["https:\/\/www.facebook.com\/MamajestCool\/?locale=pl_PL","https:\/\/www.instagram.com\/coolmamapl\/"]}]},"og_availability":"out of stock","product_availability":"out of stock","product_retailer_item_id":"TS002","product_condition":"new"},"_links":{"self":[{"href":"https:\/\/coolmama.pl\/en\/wp-json\/wp\/v2\/product\/3640","targetHints":{"allow":["GET"]}}],"collection":[{"href":"https:\/\/coolmama.pl\/en\/wp-json\/wp\/v2\/product"}],"about":[{"href":"https:\/\/coolmama.pl\/en\/wp-json\/wp\/v2\/types\/product"}],"replies":[{"embeddable":true,"href":"https:\/\/coolmama.pl\/en\/wp-json\/wp\/v2\/comments?post=3640"}],"wp:featuredmedia":[{"embeddable":true,"href":"https:\/\/coolmama.pl\/en\/wp-json\/wp\/v2\/media\/3659"}],"wp:attachment":[{"href":"https:\/\/coolmama.pl\/en\/wp-json\/wp\/v2\/media?parent=3640"}],"wp:term":[{"taxonomy":"product_brand","embeddable":true,"href":"https:\/\/coolmama.pl\/en\/wp-json\/wp\/v2\/product_brand?post=3640"},{"taxonomy":"product_cat","embeddable":true,"href":"https:\/\/coolmama.pl\/en\/wp-json\/wp\/v2\/product_cat?post=3640"},{"taxonomy":"product_tag","embeddable":true,"href":"https:\/\/coolmama.pl\/en\/wp-json\/wp\/v2\/product_tag?post=3640"}],"curies":[{"name":"wp","href":"https:\/\/api.w.org\/{rel}","templated":true}]}}