{"id":4073,"date":"2023-06-07T19:41:23","date_gmt":"2023-06-07T17:41:23","guid":{"rendered":"https:\/\/coolmama.pl\/?post_type=product&#038;p=4073"},"modified":"2024-04-19T14:51:07","modified_gmt":"2024-04-19T12:51:07","slug":"gray-nursing-t-shirt","status":"publish","type":"product","link":"https:\/\/coolmama.pl\/en\/product\/gray-nursing-t-shirt\/","title":{"rendered":"Gray nursing t-shirt"},"content":{"rendered":"<p class=\"text-justify\" style=\"text-align: justify;\">Maternity T-shirt made of comfortable cotton that adjusts to the growing tummy. It was designed specifically for pregnant women, but it will also work well during breastfeeding. It has a special panel that facilitates feeding the baby &#8211; without snaps, zippers and buttons. It&#8217;s a convenient, yet discreet solution that every nursing mother will love<\/p>\n<p class=\"text-justify\" style=\"text-align: justify;\">Product features:<\/p>\n<ul>\n<li>Color: gray<\/li>\n<li>Style: round neckline, hip length, short sleeve<\/li>\n<li>Collection: basic<\/li>\n<li>Composition: 86% cotton, 8% polyester, 6% elastane<\/li>\n<li>Care: machine wash up to 30\u00b0, delicate fabrics<\/li>\n<li>Available in XS-XL<\/li>\n<li>\u00a0THE SIZE IS OVERSTATED<\/li>\n<\/ul>\n<p>MADE IN POLAND<br \/>\n<img loading=\"lazy\" decoding=\"async\" src=\"\/wp-content\/uploads\/2023\/03\/pobrane-3-1.png\" alt=\"\" width=\"125\" height=\"50\" \/><\/p>\n<p><img loading=\"lazy\" decoding=\"async\" class=\"alignnone wp-image-5529\" src=\"https:\/\/coolmama.pl\/wp-content\/uploads\/2023\/09\/koszula-2-1-300x300.png\" alt=\"\" width=\"374\" height=\"374\" srcset=\"https:\/\/coolmama.pl\/wp-content\/uploads\/2023\/09\/koszula-2-1-300x300.png 300w, https:\/\/coolmama.pl\/wp-content\/uploads\/2023\/09\/koszula-2-1-1024x1024.png 1024w, https:\/\/coolmama.pl\/wp-content\/uploads\/2023\/09\/koszula-2-1-150x150.png 150w, https:\/\/coolmama.pl\/wp-content\/uploads\/2023\/09\/koszula-2-1-768x768.png 768w, https:\/\/coolmama.pl\/wp-content\/uploads\/2023\/09\/koszula-2-1-400x400.png 400w, https:\/\/coolmama.pl\/wp-content\/uploads\/2023\/09\/koszula-2-1-800x800.png 800w, https:\/\/coolmama.pl\/wp-content\/uploads\/2023\/09\/koszula-2-1-100x100.png 100w, https:\/\/coolmama.pl\/wp-content\/uploads\/2023\/09\/koszula-2-1.png 1080w\" sizes=\"auto, (max-width: 374px) 100vw, 374px\" \/><\/p>\n","protected":false},"excerpt":{"rendered":"<p>Maternity T-shirt made of comfortable cotton that adjusts to the growing tummy. It was designed specifically for pregnant women, but it will also work well during breastfeeding. It has a special panel that facilitates feeding the baby &#8211; without snaps, zippers and buttons. It&#8217;s a convenient, yet discreet solution that every nursing mother will love [&#8230;]\n","protected":false},"featured_media":4088,"comment_status":"open","ping_status":"closed","template":"","meta":[],"product_brand":[],"product_cat":[202,218,392,198,214,404],"product_tag":[],"class_list":{"0":"post-4073","1":"product","2":"type-product","3":"status-publish","4":"has-post-thumbnail","6":"product_cat-blouses","7":"product_cat-blouses-en","8":"product_cat-maternity-t-shirt","9":"product_cat-maternity-wear","10":"product_cat-nursing-clothes","11":"product_cat-nursing-t-shirt","13":"first","14":"outofstock","15":"sale","16":"purchasable","17":"product-type-variable"},"yoast_head":"<!-- This site is optimized with the Yoast SEO plugin v22.5 - https:\/\/yoast.com\/wordpress\/plugins\/seo\/ -->\n<title>Gray nursing t-shirt - COOL mama<\/title>\n<meta name=\"robots\" content=\"index, follow, max-snippet:-1, max-image-preview:large, max-video-preview:-1\" \/>\n<link rel=\"canonical\" href=\"https:\/\/coolmama.pl\/en\/product\/gray-nursing-t-shirt\/\" \/>\n<meta property=\"og:locale\" content=\"en_US\" \/>\n<meta property=\"og:type\" content=\"article\" \/>\n<meta property=\"og:title\" content=\"Gray nursing t-shirt - COOL mama\" \/>\n<meta property=\"og:description\" content=\"Maternity T-shirt made of comfortable cotton that adjusts to the growing tummy. It was designed specifically for pregnant women, but it will also work well during breastfeeding. It has a special panel that facilitates feeding the baby &#8211; without snaps, zippers and buttons. It&#8217;s a convenient, yet discreet solution that every nursing mother will love [...]\" \/>\n<meta property=\"og:url\" content=\"https:\/\/coolmama.pl\/en\/product\/gray-nursing-t-shirt\/\" \/>\n<meta property=\"og:site_name\" content=\"COOL mama\" \/>\n<meta property=\"article:publisher\" content=\"https:\/\/www.facebook.com\/MamajestCool\/?locale=pl_PL\" \/>\n<meta property=\"article:modified_time\" content=\"2024-04-19T12:51:07+00:00\" \/>\n<meta property=\"og:image\" content=\"https:\/\/coolmama.pl\/wp-content\/uploads\/2023\/06\/ts033-1.jpg\" \/>\n\t<meta property=\"og:image:width\" content=\"1333\" \/>\n\t<meta property=\"og:image:height\" content=\"2000\" \/>\n\t<meta property=\"og:image:type\" content=\"image\/jpeg\" \/>\n<meta name=\"twitter:card\" content=\"summary_large_image\" \/>\n<meta name=\"twitter:label1\" content=\"Availability\" \/>\n\t<meta name=\"twitter:data1\" content=\"Out of stock\" \/>\n<script type=\"application\/ld+json\" class=\"yoast-schema-graph\">{\"@context\":\"https:\/\/schema.org\",\"@graph\":[{\"@type\":\"WebPage\",\"@id\":\"https:\/\/coolmama.pl\/en\/product\/gray-nursing-t-shirt\/\",\"url\":\"https:\/\/coolmama.pl\/en\/product\/gray-nursing-t-shirt\/\",\"name\":\"Gray nursing t-shirt - COOL mama\",\"isPartOf\":{\"@id\":\"https:\/\/coolmama.pl\/en\/#website\"},\"primaryImageOfPage\":{\"@id\":\"https:\/\/coolmama.pl\/en\/product\/gray-nursing-t-shirt\/#primaryimage\"},\"image\":{\"@id\":\"https:\/\/coolmama.pl\/en\/product\/gray-nursing-t-shirt\/#primaryimage\"},\"thumbnailUrl\":\"https:\/\/coolmama.pl\/wp-content\/uploads\/2023\/06\/ts033-1.jpg\",\"datePublished\":\"2023-06-07T17:41:23+00:00\",\"dateModified\":\"2024-04-19T12:51:07+00:00\",\"breadcrumb\":{\"@id\":\"https:\/\/coolmama.pl\/en\/product\/gray-nursing-t-shirt\/#breadcrumb\"},\"inLanguage\":\"en-US\",\"potentialAction\":[{\"@type\":\"ReadAction\",\"target\":[\"https:\/\/coolmama.pl\/en\/product\/gray-nursing-t-shirt\/\"]}]},{\"@type\":\"ImageObject\",\"inLanguage\":\"en-US\",\"@id\":\"https:\/\/coolmama.pl\/en\/product\/gray-nursing-t-shirt\/#primaryimage\",\"url\":\"https:\/\/coolmama.pl\/wp-content\/uploads\/2023\/06\/ts033-1.jpg\",\"contentUrl\":\"https:\/\/coolmama.pl\/wp-content\/uploads\/2023\/06\/ts033-1.jpg\",\"width\":1333,\"height\":2000,\"caption\":\"Szary T-shirt ci\u0105\u017cowy do karmienia piersi\u0105\"},{\"@type\":\"BreadcrumbList\",\"@id\":\"https:\/\/coolmama.pl\/en\/product\/gray-nursing-t-shirt\/#breadcrumb\",\"itemListElement\":[{\"@type\":\"ListItem\",\"position\":1,\"name\":\"Strona g\u0142\u00f3wna\",\"item\":\"https:\/\/coolmama.pl\/en\/\"},{\"@type\":\"ListItem\",\"position\":2,\"name\":\"Shop\",\"item\":\"https:\/\/coolmama.pl\/en\/shop\/\"},{\"@type\":\"ListItem\",\"position\":3,\"name\":\"Gray nursing t-shirt\"}]},{\"@type\":\"WebSite\",\"@id\":\"https:\/\/coolmama.pl\/en\/#website\",\"url\":\"https:\/\/coolmama.pl\/en\/\",\"name\":\"COOL mama\",\"description\":\"\",\"publisher\":{\"@id\":\"https:\/\/coolmama.pl\/en\/#organization\"},\"potentialAction\":[{\"@type\":\"SearchAction\",\"target\":{\"@type\":\"EntryPoint\",\"urlTemplate\":\"https:\/\/coolmama.pl\/en\/?s={search_term_string}\"},\"query-input\":\"required name=search_term_string\"}],\"inLanguage\":\"en-US\"},{\"@type\":\"Organization\",\"@id\":\"https:\/\/coolmama.pl\/en\/#organization\",\"name\":\"COOL mama\",\"url\":\"https:\/\/coolmama.pl\/en\/\",\"logo\":{\"@type\":\"ImageObject\",\"inLanguage\":\"en-US\",\"@id\":\"https:\/\/coolmama.pl\/en\/#\/schema\/logo\/image\/\",\"url\":\"https:\/\/coolmama.pl\/wp-content\/uploads\/2024\/01\/cool-mama-transparent.png\",\"contentUrl\":\"https:\/\/coolmama.pl\/wp-content\/uploads\/2024\/01\/cool-mama-transparent.png\",\"width\":2048,\"height\":2048,\"caption\":\"COOL mama\"},\"image\":{\"@id\":\"https:\/\/coolmama.pl\/en\/#\/schema\/logo\/image\/\"},\"sameAs\":[\"https:\/\/www.facebook.com\/MamajestCool\/?locale=pl_PL\",\"https:\/\/www.instagram.com\/coolmamapl\/\"]}]}<\/script>\n<meta property=\"og:availability\" content=\"out of stock\" \/>\n<meta property=\"product:availability\" content=\"out of stock\" \/>\n<meta property=\"product:retailer_item_id\" content=\"TS033\" \/>\n<meta property=\"product:condition\" content=\"new\" \/>\n<!-- \/ Yoast SEO plugin. -->","yoast_head_json":{"title":"Gray nursing t-shirt - COOL mama","robots":{"index":"index","follow":"follow","max-snippet":"max-snippet:-1","max-image-preview":"max-image-preview:large","max-video-preview":"max-video-preview:-1"},"canonical":"https:\/\/coolmama.pl\/en\/product\/gray-nursing-t-shirt\/","og_locale":"en_US","og_type":"article","og_title":"Gray nursing t-shirt - COOL mama","og_description":"Maternity T-shirt made of comfortable cotton that adjusts to the growing tummy. It was designed specifically for pregnant women, but it will also work well during breastfeeding. It has a special panel that facilitates feeding the baby &#8211; without snaps, zippers and buttons. It&#8217;s a convenient, yet discreet solution that every nursing mother will love [...]","og_url":"https:\/\/coolmama.pl\/en\/product\/gray-nursing-t-shirt\/","og_site_name":"COOL mama","article_publisher":"https:\/\/www.facebook.com\/MamajestCool\/?locale=pl_PL","article_modified_time":"2024-04-19T12:51:07+00:00","og_image":[{"width":1333,"height":2000,"url":"https:\/\/coolmama.pl\/wp-content\/uploads\/2023\/06\/ts033-1.jpg","type":"image\/jpeg"}],"twitter_card":"summary_large_image","twitter_misc":{"Availability":"Out of stock"},"schema":{"@context":"https:\/\/schema.org","@graph":[{"@type":"WebPage","@id":"https:\/\/coolmama.pl\/en\/product\/gray-nursing-t-shirt\/","url":"https:\/\/coolmama.pl\/en\/product\/gray-nursing-t-shirt\/","name":"Gray nursing t-shirt - COOL mama","isPartOf":{"@id":"https:\/\/coolmama.pl\/en\/#website"},"primaryImageOfPage":{"@id":"https:\/\/coolmama.pl\/en\/product\/gray-nursing-t-shirt\/#primaryimage"},"image":{"@id":"https:\/\/coolmama.pl\/en\/product\/gray-nursing-t-shirt\/#primaryimage"},"thumbnailUrl":"https:\/\/coolmama.pl\/wp-content\/uploads\/2023\/06\/ts033-1.jpg","datePublished":"2023-06-07T17:41:23+00:00","dateModified":"2024-04-19T12:51:07+00:00","breadcrumb":{"@id":"https:\/\/coolmama.pl\/en\/product\/gray-nursing-t-shirt\/#breadcrumb"},"inLanguage":"en-US","potentialAction":[{"@type":"ReadAction","target":["https:\/\/coolmama.pl\/en\/product\/gray-nursing-t-shirt\/"]}]},{"@type":"ImageObject","inLanguage":"en-US","@id":"https:\/\/coolmama.pl\/en\/product\/gray-nursing-t-shirt\/#primaryimage","url":"https:\/\/coolmama.pl\/wp-content\/uploads\/2023\/06\/ts033-1.jpg","contentUrl":"https:\/\/coolmama.pl\/wp-content\/uploads\/2023\/06\/ts033-1.jpg","width":1333,"height":2000,"caption":"Szary T-shirt ci\u0105\u017cowy do karmienia piersi\u0105"},{"@type":"BreadcrumbList","@id":"https:\/\/coolmama.pl\/en\/product\/gray-nursing-t-shirt\/#breadcrumb","itemListElement":[{"@type":"ListItem","position":1,"name":"Strona g\u0142\u00f3wna","item":"https:\/\/coolmama.pl\/en\/"},{"@type":"ListItem","position":2,"name":"Shop","item":"https:\/\/coolmama.pl\/en\/shop\/"},{"@type":"ListItem","position":3,"name":"Gray nursing t-shirt"}]},{"@type":"WebSite","@id":"https:\/\/coolmama.pl\/en\/#website","url":"https:\/\/coolmama.pl\/en\/","name":"COOL mama","description":"","publisher":{"@id":"https:\/\/coolmama.pl\/en\/#organization"},"potentialAction":[{"@type":"SearchAction","target":{"@type":"EntryPoint","urlTemplate":"https:\/\/coolmama.pl\/en\/?s={search_term_string}"},"query-input":"required name=search_term_string"}],"inLanguage":"en-US"},{"@type":"Organization","@id":"https:\/\/coolmama.pl\/en\/#organization","name":"COOL mama","url":"https:\/\/coolmama.pl\/en\/","logo":{"@type":"ImageObject","inLanguage":"en-US","@id":"https:\/\/coolmama.pl\/en\/#\/schema\/logo\/image\/","url":"https:\/\/coolmama.pl\/wp-content\/uploads\/2024\/01\/cool-mama-transparent.png","contentUrl":"https:\/\/coolmama.pl\/wp-content\/uploads\/2024\/01\/cool-mama-transparent.png","width":2048,"height":2048,"caption":"COOL mama"},"image":{"@id":"https:\/\/coolmama.pl\/en\/#\/schema\/logo\/image\/"},"sameAs":["https:\/\/www.facebook.com\/MamajestCool\/?locale=pl_PL","https:\/\/www.instagram.com\/coolmamapl\/"]}]},"og_availability":"out of stock","product_availability":"out of stock","product_retailer_item_id":"TS033","product_condition":"new"},"_links":{"self":[{"href":"https:\/\/coolmama.pl\/en\/wp-json\/wp\/v2\/product\/4073","targetHints":{"allow":["GET"]}}],"collection":[{"href":"https:\/\/coolmama.pl\/en\/wp-json\/wp\/v2\/product"}],"about":[{"href":"https:\/\/coolmama.pl\/en\/wp-json\/wp\/v2\/types\/product"}],"replies":[{"embeddable":true,"href":"https:\/\/coolmama.pl\/en\/wp-json\/wp\/v2\/comments?post=4073"}],"wp:featuredmedia":[{"embeddable":true,"href":"https:\/\/coolmama.pl\/en\/wp-json\/wp\/v2\/media\/4088"}],"wp:attachment":[{"href":"https:\/\/coolmama.pl\/en\/wp-json\/wp\/v2\/media?parent=4073"}],"wp:term":[{"taxonomy":"product_brand","embeddable":true,"href":"https:\/\/coolmama.pl\/en\/wp-json\/wp\/v2\/product_brand?post=4073"},{"taxonomy":"product_cat","embeddable":true,"href":"https:\/\/coolmama.pl\/en\/wp-json\/wp\/v2\/product_cat?post=4073"},{"taxonomy":"product_tag","embeddable":true,"href":"https:\/\/coolmama.pl\/en\/wp-json\/wp\/v2\/product_tag?post=4073"}],"curies":[{"name":"wp","href":"https:\/\/api.w.org\/{rel}","templated":true}]}}